{"id":25,"date":"2018-03-18T01:47:18","date_gmt":"2018-03-18T00:47:18","guid":{"rendered":"http:\/\/olivan.fr\/?page_id=25"},"modified":"2025-07-25T14:33:18","modified_gmt":"2025-07-25T12:33:18","slug":"accueil","status":"publish","type":"page","link":"http:\/\/olivan.fr\/","title":{"rendered":"Accueil"},"content":{"rendered":"\n<p>&nbsp;<\/p>\n<p>Bienvenue sur\u00a0mon site\u00a0!<\/p>\n<p>Cet outil de communication\u00a0 devrait permettre \u00e0 tous ceux avec qui je construis des projets d&rsquo;acc\u00e9der \u00e0 ce qui est en cours, d&rsquo;imaginer le futur avec moi et de pouvoir jeter un \u0153il sur le chemin parcouru.<\/p>\n<p>Merci \u00e0 tous pour votre confiance.<\/p>\n<p>Jean Charles Olivan<\/p>\n<p>F\u00eate du\u00a0 bridge club biterrois<\/p>\n<p><a href=\"https:\/\/bridgeclubbiterrois.fr\">https:\/\/bridgeclubbiterrois.fr<\/a><\/p>\n<p>&nbsp;<\/p>\n<p>&nbsp;<\/p>\n","protected":false},"excerpt":{"rendered":"<p>&nbsp; Bienvenue sur\u00a0mon site\u00a0! Cet outil de communication\u00a0 devrait permettre \u00e0 tous ceux avec qui je construis des projets d&rsquo;acc\u00e9der \u00e0 ce qui est en cours, d&rsquo;imaginer le futur avec [&hellip;]<\/p>\n","protected":false},"author":1,"featured_media":0,"parent":48,"menu_order":1,"comment_status":"closed","ping_status":"closed","template":"","meta":{"footnotes":""},"class_list":["post-25","page","type-page","status-publish","hentry"],"jetpack_sharing_enabled":true,"_links":{"self":[{"href":"http:\/\/olivan.fr\/index.php\/wp-json\/wp\/v2\/pages\/25","targetHints":{"allow":["GET"]}}],"collection":[{"href":"http:\/\/olivan.fr\/index.php\/wp-json\/wp\/v2\/pages"}],"about":[{"href":"http:\/\/olivan.fr\/index.php\/wp-json\/wp\/v2\/types\/page"}],"author":[{"embeddable":true,"href":"http:\/\/olivan.fr\/index.php\/wp-json\/wp\/v2\/users\/1"}],"replies":[{"embeddable":true,"href":"http:\/\/olivan.fr\/index.php\/wp-json\/wp\/v2\/comments?post=25"}],"version-history":[{"count":6,"href":"http:\/\/olivan.fr\/index.php\/wp-json\/wp\/v2\/pages\/25\/revisions"}],"predecessor-version":[{"id":147,"href":"http:\/\/olivan.fr\/index.php\/wp-json\/wp\/v2\/pages\/25\/revisions\/147"}],"up":[{"embeddable":true,"href":"http:\/\/olivan.fr\/index.php\/wp-json\/wp\/v2\/pages\/48"}],"wp:attachment":[{"href":"http:\/\/olivan.fr\/index.php\/wp-json\/wp\/v2\/media?parent=25"}],"curies":[{"name":"wp","href":"https:\/\/api.w.org\/{rel}","templated":true}]}}